{"id":3831,"date":"2025-01-16T22:01:23","date_gmt":"2025-01-16T21:01:23","guid":{"rendered":"https:\/\/buntspecht.com\/agb\/"},"modified":"2025-01-30T11:01:38","modified_gmt":"2025-01-30T10:01:38","slug":"general-terms-and-conditions","status":"publish","type":"page","link":"https:\/\/buntspecht.com\/en\/general-terms-and-conditions\/","title":{"rendered":"General terms and conditions"},"content":{"rendered":"<h2>ALLGEMEINE GESCH\u00c4FTSBEDINGUNGEN<\/h2>\n<ol>\n<li>\n<h4 style=\"text-align: left;\"><strong> Geltungsbereich <\/strong><\/h4>\n<\/li>\n<\/ol>\n<p>1.1 Die nachfolgenden Allgemeinen Gesch\u00e4ftsbedingungen (AGB) gelten ausschlie\u00dflich; entgegenstehende oder von unseren Gesch\u00e4ftsbedingungen abweichende Bedingungen des Auftraggebers erkennen wir nicht an, es sei denn, wir h\u00e4tten ausdr\u00fccklich schriftlich ihrer Genehmigung zugestimmt. Unsere Gesch\u00e4ftsbedingungen gelten auch dann, wenn wir in Kenntnis entgegenstehender oder von unseren Gesch\u00e4ftsbedingungen abweichender Bedingungen des Auftraggebers die Lieferung an den Auftraggeber vorbehaltlos ausf\u00fchren.<\/p>\n<p>1.2 Alle Vereinbarungen, die zwischen uns und dem Auftraggeber zwecks Ausf\u00fchrung der einzelnen Auftr\u00e4ge getroffen werden, sind schriftlich niederzulegen.<\/p>\n<p>1.3 Unsere Gesch\u00e4ftsbedingungen gelten auch f\u00fcr alle k\u00fcnftigen Gesch\u00e4fte mit dem Auftraggeber.<\/p>\n<ol start=\"2\">\n<li>\n<h4><strong> Vertragsabschluss, Angebote, Angebotsmaterial, Vertragsstrafe <\/strong><\/h4>\n<\/li>\n<\/ol>\n<p>2.1 Unsere Angebote sind, so weit nicht ausdr\u00fccklich als fest bezeichnet, freibleibend und unverbindlich.<\/p>\n<p>2.2 Auftr\u00e4ge sind uns schriftlich via Mail zu erteilen und werden von uns schriftlich via Mail best\u00e4tigt.<\/p>\n<p>2.3 Wir behalten uns an jeglichem Angebotsmaterial (Konzepte, Storyboard, Scripte, Moodboards etc.) alle Rechte uneingeschr\u00e4nkt vor. Das Material darf, au\u00dfer f\u00fcr vertragliche Zwecke, nicht verwendet, vervielf\u00e4ltigt, weitergegeben, ver\u00e4u\u00dfert oder f\u00fcr Dritte verwertet werden. Es ist geheim zu halten und auf unser Verlangen hin unverz\u00fcglich zur\u00fcckzugeben, wenn uns der Auftrag nicht erteilt wird. F\u00fcr den Fall der schuldhaften Zuwiderhandlung gegen die vorstehenden Bestimmungen aus Ziffer 2.3 ist der Auftraggeber zur Zahlung einer Vertragsstrafe in H\u00f6he des Bruttorechnungsbetrages des von der Zuwiderhandlung betroffenen Auftrags verpflichtet. Die Geltendmachung eines dar\u00fcber hinausgehenden Schadens behalten wir uns vor.<\/p>\n<p>2.4 F\u00fcr den Auftraggeber in Zusammenhang mit dem Auftrag erstellte Konzepte, Storyboards und \u00c4hnliches sind Bestandteil des Vertrags, Abweichungen m\u00fcssen schriftlich vereinbart werden.<\/p>\n<p>2.5 Wir behalten uns vor, Auftr\u00e4ge oder Kunden ohne Nennung von Gr\u00fcnden abzulehnen.<\/p>\n<ol start=\"3\">\n<li>\n<h4><strong> Rechte an Vertragsleistungen, Vertragsstrafe <\/strong><\/h4>\n<\/li>\n<\/ol>\n<p>3.1 Alle Rechte (Urheber-, Verwertungs- und sonstige Leistungsschutzrechte) verbleiben insoweit bei uns, als sie nicht im Rahmen des Auftrags an den Auftraggeber \u00fcbertragen bzw. diesem die Nutzung gestattet wurde. Der Auftraggeber ist ohne unsere Zustimmung nicht berechtigt, Dritten Nutzungsrechte (Lizenzen) einzur\u00e4umen.<\/p>\n<p>3.2 Der Auftraggeber verpflichtet sich, alle von uns erstellten Vertragsprodukte in unver\u00e4nderter Form zu \u00fcbernehmen und diese nicht f\u00fcr nicht vereinbarte Zwecke zu verwenden, zu vervielf\u00e4ltigen, weiterzugeben, zu ver\u00e4u\u00dfern oder Dritten zug\u00e4nglich zu machen bzw. f\u00fcr Dritte zu verwerten.<\/p>\n<ol start=\"4\">\n<li>\n<h4><strong> Rechtsschutz und Haftung <\/strong><\/h4>\n<\/li>\n<\/ol>\n<p>4.1 Das Risiko der rechtlichen Zul\u00e4ssigkeit der von uns vorgeschlagenen Werbema\u00dfnahmen wird vom Auftraggeber getragen. Dies gilt insbesondere f\u00fcr den Fall, dass die Werbema\u00dfnahmen gegen Vorschriften des Wettbewerbsrechts, des Urheberrechts und der speziellen Werberechtsgesetze versto\u00dfen. Wir sind jedoch verpflichtet, auf rechtliche Risiken hinzuweisen, sofern uns diese bekannt werden. Dar\u00fcber hinausgehend \u00fcbernehmen wir keine Haftung und sind von jeglicher Inanspruchnahme Dritter durch den Auftraggeber freizustellen.<\/p>\n<p>4.2 In keinem Fall haften wir wegen der in der Werbung enthaltenen Sachaussagen \u00fcber Produkte und Leistungen des Auftraggebers. Wir haften auch nicht f\u00fcr die patentmuster-, urheber- und warenzeichenrechtliche Schutz- und Eintragungsf\u00e4higkeit der im Rahmen der einzelnen Vertr\u00e4ge gelieferten Ideen, Anregungen, Vorschl\u00e4ge, Konzeptionen, Entw\u00fcrfe etc.<\/p>\n<p>4.3 Der Auftraggeber hat uns rechtliche Bedenken vor dem Streu- bzw. Schalttermin, sp\u00e4testens jedoch innerhalb von zwei Wochen nach Bekanntgabe der Konzeption, schriftlich mitzuteilen. Erfolgt diese Mitteilung nicht, so gehen wir davon aus, dass die rechtliche Unbedenklichkeit gepr\u00fcft und festgestellt wurde.<\/p>\n<p>4.4 Die Haftung der BUNTSPECHT GmbH ist grunds\u00e4tzlich auf die H\u00f6he des Nettohonorars beschr\u00e4nkt, sofern die Haftung nicht auf Vorsatz beruht. Falls der Auftraggeber eine h\u00f6here Haftungssumme w\u00fcnscht, bieten wir an, eine zus\u00e4tzliche Versicherung in gew\u00fcnschter H\u00f6he abzuschlie\u00dfen. Die Pr\u00e4mien dieser Versicherung w\u00e4ren vom Auftraggeber zu tragen.<\/p>\n<ol start=\"5\">\n<li>\n<h4><strong> Materialien und Produktmuster des Auftraggebers <\/strong><\/h4>\n<\/li>\n<\/ol>\n<p>5.1 Vom Auftraggeber vertragsgem\u00e4\u00df zu beschaffende Materialien oder Produktmuster sind uns frei Haus zu liefern und ggf. nach der Produktion wieder kostenfrei abzuholen. Wir sind nicht verpflichtet, die angegebene St\u00fcckzahl von Materialien beim Eingang zu pr\u00fcfen.<\/p>\n<p>5.2 Der Auftraggeber allein ist daf\u00fcr verantwortlich, dass Form und Inhalt der \u00fcberlassenen Materialien nicht gegen gesetzliche Bestimmungen versto\u00dfen oder Rechte Dritter verletzen und wird uns bei Inanspruchnahme Dritter freistellen.<\/p>\n<p>5.3 Wir haften bei Verlust oder Besch\u00e4digung der Materialien nur im Falle grober Fahrl\u00e4ssigkeit oder Vorsatz.<\/p>\n<p>5.4 Uns f\u00fcr eine Produktion \u00fcberlassene Produktmuster oder sonstige Materialien sind nach der Produktion wieder vom Auftraggeber auf dessen Kosten abzuholen. Geschieht dies nicht innerhalb von vier Wochen nach Erbringung unserer Leistung, so steht uns das Recht zu, diese in Gebrauch zu nehmen, anderweitig zu verwerten oder zu vernichten. Gegebenenfalls anfallende Kosten f\u00fcr die Verwertung oder Entsorgung sind vom Auftraggeber zu tragen.<\/p>\n<p>5.5 Uns steht ein Zur\u00fcckbehaltungsrecht an \u00fcberlassenen Materialien und Produktmustern zu, so lange der Auftraggeber seiner Zahlungsverpflichtung aus dem Rechtsgesch\u00e4ft nicht oder nicht vollst\u00e4ndig nachgekommen ist.<\/p>\n<ol start=\"6\">\n<li>\n<h4><strong> Leistung, Lieferung, Verzug <\/strong><\/h4>\n<\/li>\n<\/ol>\n<p>6.1 Die von uns angegebenen Lieferfristen oder Fertigstellungstermine sind unverbindlich, au\u00dfer sie wurden schriftlich als verbindlich vereinbart. Die Einhaltung der Fristen setzt die rechtzeitige Erf\u00fcllung aller dem Auftraggeber obliegenden Mitwirkungsfristen voraus.<\/p>\n<p>6.2 F\u00fcr Liefer- und Leistungsverz\u00f6gerungen aufgrund h\u00f6herer Gewalt und f\u00fcr uns nicht vorhersehbarer oder verschuldeter Ereignisse haften wir auch bei verbindlich vereinbarten Fristen nicht. Befinden wir uns im Lieferungsverzug, stehen dem Auftraggeber maximal 20% des Rechnungswertes des im Verzug befindlichen Auftrages zu. Wir sind zu Teillieferungen berechtigt, so lange diese in der vereinbarten Frist erfolgen.<\/p>\n<ol start=\"7\">\n<li>\n<h4><strong> Preise, Zahlungen und Zahlungsverzug <\/strong><\/h4>\n<\/li>\n<\/ol>\n<p>7.1 In unseren Angeboten genannte Preise sind unverbindlich, sie werden erst mit der Auftragsbest\u00e4tigung durch uns bindend. Preiserh\u00f6hungen sind bei Eintritt kostensteigernder Faktoren w\u00e4hrend der Auftragserf\u00fcllung zul\u00e4ssig.<\/p>\n<p>7.2 Unsere Preise verstehen sich, vorbehaltlich anderer schriftlicher Vereinbarungen, als Nettopreise ab unserem Unternehmen ausschlie\u00dflich Fracht, Verpackung oder anderer Nebenleistungen. Die gesetzliche Mehrwertsteuer wird in vorgeschriebener H\u00f6he zus\u00e4tzlich in Rechnung gestellt.<\/p>\n<p>7.3 S\u00e4mtliche Mediakosten der Werbetr\u00e4ger sind durch Vorauszahlung mindestens zehn Tage vor Erscheinungstermin auf unser Konto zu zahlen. Sonstige Zahlungen sind, so weit nicht schriftlich anders vereinbart, innerhalb von vierzehn Tagen nach Rechnungsdatum ohne Abzug frei unserer Zahlstelle zu leisten.<\/p>\n<p>7.4 Wir sind berechtigt, angemessene Abschlagszahlungen zu verlangen. So weit nicht schriftlich anders vereinbart, 1\/3 des Bruttoauftragswertes bei Auftragserteilung, 1\/3 zu Produktionsbeginn und 1\/3 bei Endabnahme der jeweiligen Produktion.<\/p>\n<p>7.5 Eine Zahlung ist nur bewirkt, wenn wir \u00fcber den Betrag endg\u00fcltig verf\u00fcgen k\u00f6nnen. Werden vereinbarte Zahlungsfristen durch den Auftraggeber \u00fcberschritten, so sind wir berechtigt, Zinsen in H\u00f6he des von Gesch\u00e4ftsbanken berechneten Kontokorrentkreditsatzes zu berechnen.<\/p>\n<p>7.6 Bei erheblichen Zahlungsr\u00fcckst\u00e4nden des Auftraggebers werden s\u00e4mtliche uns zustehenden Forderungen aus demselben Rechtsverh\u00e4ltnis sofort zur Zahlung f\u00e4llig.<\/p>\n<ol start=\"8\">\n<li>\n<h4><strong> Lagerung, Archivierung <\/strong><\/h4>\n<\/li>\n<\/ol>\n<p>8.1 Wir \u00fcbernehmen keinerlei Haftung f\u00fcr die Lagerung zugesandter Materialien. Sollte es sich bei zugesandten Daten um Originale handeln, so sind diese entsprechend zu kennzeichnen.<\/p>\n<p>8.2 F\u00fcr Zusendung, Erhalt und R\u00fccksendung des Materials \u00fcbernehmen wir keine Haftung, sollte eine Lagerung \/ Archivierung in unserem Haus gew\u00fcnscht sein, so tr\u00e4gt der Auftraggeber das Risiko.<\/p>\n<p>8.3 Eine Archivierung des uns zur Verf\u00fcgung gestellten Materials und\/oder des von uns produzierten Materials erfolgt nicht.<\/p>\n<ol start=\"9\">\n<li>\n<h4><strong> Eigentumsrechte, Nutzungsrechte <\/strong><\/h4>\n<\/li>\n<\/ol>\n<p>9.1 Die Urheberrechte am erstellten Material verbleiben bei uns. Mit vollst\u00e4ndiger Zahlung des Auftragswertes erh\u00e4lt der Auftraggeber die laut Vertrag (z.B. Angebot bzw. Rechnung) vereinbarten Nutzungsrechte. Alle weitergehenden Nutzungsrechte sind vorbehalten und k\u00f6nnen vom Auftraggeber nachtr\u00e4glich angekauft werden.<\/p>\n<p>9.2 Wir behalten uns vor, das Logo unserer Auftraggeber sowie das produzierte Material oder Ausz\u00fcge daraus f\u00fcr Referenz- und Demonstrationszwecke oder f\u00fcr die Teilnahme an Wettbewerben, deren Preise unser Eigentum werden, zu verwenden.<\/p>\n<p>9.3 Wir behalten uns vor, Material, das im Rahmen der Auftragserf\u00fcllung erstellt, aber nicht verwendet wurde, anderweitig zu verwenden, solange kein eindeutiger Bezug zum Auftraggeber hergestellt werden kann.<\/p>\n<ol start=\"10\">\n<li>\n<h4><strong> Gerichtsstand und anzuwendendes Recht <\/strong><\/h4>\n<\/li>\n<\/ol>\n<p>10.1 Der Gerichtsstand f\u00fcr alle Verpflichtungen aus dem Vertragsverh\u00e4ltnis richtet sich nach dem Sitz unseres Unternehmens oder auf unseren Wunsch auch dem Sitz des Auftraggebers.<\/p>\n<p>10.2 F\u00fcr alle Rechte und Pflichten aus dem bestehenden Vertrag kommt ausschlie\u00dflich das Recht der Bundesrepublik Deutschland zur Anwendung.<\/p>\n<p>10.3 Sollten Bestimmungen dieser Gesch\u00e4ftsbedingungen unwirksam sein oder werden, so wird die Wirksamkeit aller anderen Bestimmungen und Vereinbarungen nicht ber\u00fchrt. Die Parteien sind in diesem Fall verpflichtet, eine Regelung zu finden, die bei Rechtm\u00e4\u00dfigkeit der mit der urspr\u00fcnglichen Vereinbarung verfolgten Absicht nahe kommt.<\/p>\n","protected":false},"excerpt":{"rendered":"<p>ALLGEMEINE GESCH\u00c4FTSBEDINGUNGEN Geltungsbereich 1.1 Die nachfolgenden Allgemeinen Gesch\u00e4ftsbedingungen (AGB) gelten ausschlie\u00dflich; entgegenstehende oder von unseren Gesch\u00e4ftsbedingungen abweichende Bedingungen des Auftraggebers erkennen wir nicht an, es sei denn, wir h\u00e4tten ausdr\u00fccklich&#8230;<\/p>\n","protected":false},"author":2,"featured_media":0,"parent":0,"menu_order":0,"comment_status":"closed","ping_status":"closed","template":"","meta":{"inline_featured_image":false,"footnotes":""},"class_list":["post-3831","page","type-page","status-publish"],"_links":{"self":[{"href":"https:\/\/buntspecht.com\/en\/wp-json\/wp\/v2\/pages\/3831","targetHints":{"allow":["GET"]}}],"collection":[{"href":"https:\/\/buntspecht.com\/en\/wp-json\/wp\/v2\/pages"}],"about":[{"href":"https:\/\/buntspecht.com\/en\/wp-json\/wp\/v2\/types\/page"}],"author":[{"embeddable":true,"href":"https:\/\/buntspecht.com\/en\/wp-json\/wp\/v2\/users\/2"}],"replies":[{"embeddable":true,"href":"https:\/\/buntspecht.com\/en\/wp-json\/wp\/v2\/comments?post=3831"}],"version-history":[{"count":2,"href":"https:\/\/buntspecht.com\/en\/wp-json\/wp\/v2\/pages\/3831\/revisions"}],"predecessor-version":[{"id":3850,"href":"https:\/\/buntspecht.com\/en\/wp-json\/wp\/v2\/pages\/3831\/revisions\/3850"}],"wp:attachment":[{"href":"https:\/\/buntspecht.com\/en\/wp-json\/wp\/v2\/media?parent=3831"}],"curies":[{"name":"wp","href":"https:\/\/api.w.org\/{rel}","templated":true}]}}